{"id":27,"date":"2025-12-23T16:48:01","date_gmt":"2025-12-23T16:48:01","guid":{"rendered":"https:\/\/aluweld.ee\/meist\/"},"modified":"2025-12-23T19:28:15","modified_gmt":"2025-12-23T19:28:15","slug":"mestadels","status":"publish","type":"page","link":"https:\/\/aluweld.ee\/sv\/meist\/","title":{"rendered":"Om oss"},"content":{"rendered":"<div class=\"wp-block-group alignfull is-style-ext-preset--group--natural-1--section has-background-background-color has-background has-global-padding is-layout-constrained wp-block-group-is-layout-constrained is-style-ext-preset--group--natural-1--section--1\" id=\"meist\" style=\"margin-top:0;margin-bottom:0;padding-top:var(--wp--preset--spacing--70);padding-bottom:var(--wp--preset--spacing--70)\">\n<div class=\"wp-block-columns alignwide are-vertically-aligned-center is-layout-flex wp-container-core-columns-is-layout-174606dc wp-block-columns-is-layout-flex\">\n<div class=\"wp-block-column is-vertically-aligned-center is-layout-flow wp-block-column-is-layout-flow\">\n<div class=\"wp-block-group alignwide is-vertical is-layout-flex wp-container-core-group-is-layout-c35747d5 wp-block-group-is-layout-flex\">\n<div class=\"wp-block-group has-global-padding is-layout-constrained wp-container-core-group-is-layout-dd32767c wp-block-group-is-layout-constrained\">\n<h2 class=\"wp-block-heading\">Tillverkning av exakta och h\u00e5llbara aluminiumprodukter<\/h2>\n\n\n\n<p>Aluweld O\u00dc arbetar med innovativa l\u00f6sningar inom metallbearbetning och erbjuder kvalitet och tillf\u00f6rlitlighet som st\u00f6der v\u00e5ra kunders framg\u00e5ng och utveckling.<\/p>\n<\/div>\n<\/div>\n<\/div>\n\n\n\n<div class=\"wp-block-column is-vertically-aligned-center is-layout-flow wp-block-column-is-layout-flow\">\n<figure class=\"wp-block-image is-style-ext-preset--image--natural-1--image-1--content-left is-style-ext-preset--image--natural-1--image-1--content-left--2\"><img loading=\"lazy\" decoding=\"async\" width=\"1440\" height=\"960\" src=\"https:\/\/aluweld.ee\/wp-content\/uploads\/2025\/12\/395cd9fb2c749b4165c0cd3d5ed55ec6eee25c59.jpg\" alt=\"\" class=\"wp-image-59\" style=\"aspect-ratio:1;object-fit:cover\" srcset=\"https:\/\/aluweld.ee\/wp-content\/uploads\/2025\/12\/395cd9fb2c749b4165c0cd3d5ed55ec6eee25c59.jpg 1440w, https:\/\/aluweld.ee\/wp-content\/uploads\/2025\/12\/395cd9fb2c749b4165c0cd3d5ed55ec6eee25c59-300x200.jpg 300w, https:\/\/aluweld.ee\/wp-content\/uploads\/2025\/12\/395cd9fb2c749b4165c0cd3d5ed55ec6eee25c59-1024x683.jpg 1024w, https:\/\/aluweld.ee\/wp-content\/uploads\/2025\/12\/395cd9fb2c749b4165c0cd3d5ed55ec6eee25c59-768x512.jpg 768w, https:\/\/aluweld.ee\/wp-content\/uploads\/2025\/12\/395cd9fb2c749b4165c0cd3d5ed55ec6eee25c59-18x12.jpg 18w\" sizes=\"auto, (max-width: 1440px) 100vw, 1440px\" \/><\/figure>\n<\/div>\n<\/div>\n<\/div>\n\n\n\n<div class=\"wp-block-group alignfull is-style-ext-preset--group--natural-1--section has-tertiary-background-color has-background has-global-padding is-layout-constrained wp-container-core-group-is-layout-e955bbaf wp-block-group-is-layout-constrained is-style-ext-preset--group--natural-1--section--3\" style=\"margin-top:0;margin-bottom:0;padding-top:var(--wp--preset--spacing--70);padding-bottom:var(--wp--preset--spacing--70)\">\n<div class=\"wp-block-group alignwide is-vertical is-layout-flex wp-container-core-group-is-layout-c35747d5 wp-block-group-is-layout-flex\">\n<div class=\"wp-block-group has-global-padding is-layout-constrained wp-container-core-group-is-layout-5e05634a wp-block-group-is-layout-constrained\">\n<h2 class=\"wp-block-heading\">Aluminiumprodukter med h\u00f6g precision skr\u00e4ddarsydda efter dina behov<\/h2>\n\n\n\n<p class=\"has-text-align-left\">Vi kommer att visa upp v\u00e5rt f\u00f6retags viktigaste styrkor och enast\u00e5ende resultat.<\/p>\n<\/div>\n<\/div>\n\n\n\n<div class=\"wp-block-columns alignwide is-layout-flex wp-container-core-columns-is-layout-174606dc wp-block-columns-is-layout-flex\">\n<div class=\"wp-block-column is-vertically-aligned-center is-layout-flow wp-block-column-is-layout-flow\">\n<div class=\"wp-block-columns is-layout-flex wp-container-core-columns-is-layout-28f84493 wp-block-columns-is-layout-flex\">\n<div class=\"wp-block-column is-vertically-aligned-stretch is-layout-flow wp-block-column-is-layout-flow\">\n<div class=\"wp-block-group is-style-ext-preset--group--natural-1--item-card-1--align-start has-global-padding is-layout-constrained wp-block-group-is-layout-constrained is-style-ext-preset--group--natural-1--item-card-1--align-start--4\"><\/div>\n<\/div>\n\n\n\n<div class=\"wp-block-column is-vertically-aligned-stretch is-layout-flow wp-block-column-is-layout-flow\">\n<div class=\"wp-block-group is-style-ext-preset--group--natural-1--item-card-1--align-start has-global-padding is-layout-constrained wp-block-group-is-layout-constrained is-style-ext-preset--group--natural-1--item-card-1--align-start--5\"><\/div>\n<\/div>\n<\/div>\n\n\n\n<div class=\"wp-block-columns is-layout-flex wp-container-core-columns-is-layout-28f84493 wp-block-columns-is-layout-flex\">\n<div class=\"wp-block-column is-vertically-aligned-stretch is-layout-flow wp-block-column-is-layout-flow\">\n<div class=\"wp-block-group is-style-ext-preset--group--natural-1--item-card-1--align-start has-global-padding is-layout-constrained wp-block-group-is-layout-constrained is-style-ext-preset--group--natural-1--item-card-1--align-start--6\"><\/div>\n<\/div>\n\n\n\n<div class=\"wp-block-column is-vertically-aligned-stretch is-layout-flow wp-block-column-is-layout-flow\">\n<div class=\"wp-block-group is-style-ext-preset--group--natural-1--item-card-1--align-start has-global-padding is-layout-constrained wp-block-group-is-layout-constrained is-style-ext-preset--group--natural-1--item-card-1--align-start--7\"><\/div>\n<\/div>\n<\/div>\n<\/div>\n\n\n\n<div class=\"wp-block-column is-vertically-aligned-stretch is-layout-flow wp-container-core-column-is-layout-119bc444 wp-block-column-is-layout-flow\">\n<div class=\"wp-block-cover is-style-ext-preset--image--natural-1--image-1--content-bottom is-style-ext-preset--image--natural-1--image-1--content-bottom--8\" style=\"padding-top:0;padding-bottom:0;min-height:100%;aspect-ratio:unset;\"><img loading=\"lazy\" decoding=\"async\" width=\"1440\" height=\"960\" class=\"wp-block-cover__image-background wp-image-60\" alt=\"\" src=\"https:\/\/aluweld.ee\/wp-content\/uploads\/2025\/12\/789500e1cc76afc035ddad24d9fc552c20785845.jpg\" data-object-fit=\"cover\" srcset=\"https:\/\/aluweld.ee\/wp-content\/uploads\/2025\/12\/789500e1cc76afc035ddad24d9fc552c20785845.jpg 1440w, https:\/\/aluweld.ee\/wp-content\/uploads\/2025\/12\/789500e1cc76afc035ddad24d9fc552c20785845-300x200.jpg 300w, https:\/\/aluweld.ee\/wp-content\/uploads\/2025\/12\/789500e1cc76afc035ddad24d9fc552c20785845-1024x683.jpg 1024w, https:\/\/aluweld.ee\/wp-content\/uploads\/2025\/12\/789500e1cc76afc035ddad24d9fc552c20785845-768x512.jpg 768w, https:\/\/aluweld.ee\/wp-content\/uploads\/2025\/12\/789500e1cc76afc035ddad24d9fc552c20785845-18x12.jpg 18w\" sizes=\"auto, (max-width: 1440px) 100vw, 1440px\" \/><span aria-hidden=\"true\" class=\"wp-block-cover__background has-background-dim-0 has-background-dim\"><\/span><div class=\"wp-block-cover__inner-container is-layout-flow wp-block-cover-is-layout-flow\">\n<div style=\"height:240px\" aria-hidden=\"true\" class=\"wp-block-spacer\"><\/div>\n<\/div><\/div>\n<\/div>\n<\/div>\n<\/div>\n\n\n\n<div class=\"wp-block-group alignfull is-style-ext-preset--group--natural-1--section has-background-background-color has-background has-global-padding is-layout-constrained wp-container-core-group-is-layout-e955bbaf wp-block-group-is-layout-constrained is-style-ext-preset--group--natural-1--section--9\" id=\"meeskond\" style=\"margin-top:0;margin-bottom:0;padding-top:var(--wp--preset--spacing--70);padding-bottom:var(--wp--preset--spacing--70)\">\n<div class=\"wp-block-group alignwide is-vertical is-content-justification-center is-layout-flex wp-container-core-group-is-layout-c9ee0c5a wp-block-group-is-layout-flex\">\n<div class=\"wp-block-group has-global-padding is-layout-constrained wp-container-core-group-is-layout-2287c683 wp-block-group-is-layout-constrained\">\n<h2 class=\"wp-block-heading has-text-align-center\">Innovativa l\u00f6sningar inom aluminiumbearbetning<\/h2>\n\n\n\n<p class=\"has-text-align-center\">Tr\u00e4ffa v\u00e5ra erfarna och passionerade metallbearbetningsproffs.<\/p>\n<\/div>\n<\/div>\n\n\n\n<div class=\"wp-block-columns alignwide is-layout-flex wp-container-core-columns-is-layout-08c01c1c wp-block-columns-is-layout-flex\">\n<div class=\"wp-block-column is-vertically-aligned-stretch is-layout-flow wp-block-column-is-layout-flow\">\n<div class=\"wp-block-group is-style-ext-preset--group--natural-1--item-card-1--align-center has-global-padding is-layout-constrained wp-block-group-is-layout-constrained is-style-ext-preset--group--natural-1--item-card-1--align-center--10\"><\/div>\n<\/div>\n\n\n\n<div class=\"wp-block-column is-vertically-aligned-stretch is-layout-flow wp-block-column-is-layout-flow\"><\/div>\n\n\n\n<div class=\"wp-block-column is-vertically-aligned-stretch is-layout-flow wp-block-column-is-layout-flow\"><\/div>\n<\/div>\n<\/div>","protected":false},"excerpt":{"rendered":"<p>Tillverkning av exakta och h\u00e5llbara aluminiumprodukter Aluweld Ltd arbetar med innovativa l\u00f6sningar inom metallbearbetning och erbjuder kvalitet och tillf\u00f6rlitlighet som st\u00f6djer v\u00e5ra kunders framg\u00e5ng och utveckling. Exakta aluminiumprodukter skr\u00e4ddarsydda efter dina behov Vi presenterar f\u00f6retagets k\u00e4rnkompetens och enast\u00e5ende resultat. Innovativa l\u00f6sningar inom aluminiumbearbetning Vi presenterar v\u00e5ra erfarna och passionerade specialister inom metallbearbetning.<\/p>","protected":false},"author":1,"featured_media":0,"parent":0,"menu_order":0,"comment_status":"closed","ping_status":"closed","template":"page-with-title","meta":{"footnotes":""},"class_list":["post-27","page","type-page","status-publish","hentry"],"aioseo_notices":[],"_links":{"self":[{"href":"https:\/\/aluweld.ee\/sv\/wp-json\/wp\/v2\/pages\/27","targetHints":{"allow":["GET"]}}],"collection":[{"href":"https:\/\/aluweld.ee\/sv\/wp-json\/wp\/v2\/pages"}],"about":[{"href":"https:\/\/aluweld.ee\/sv\/wp-json\/wp\/v2\/types\/page"}],"author":[{"embeddable":true,"href":"https:\/\/aluweld.ee\/sv\/wp-json\/wp\/v2\/users\/1"}],"replies":[{"embeddable":true,"href":"https:\/\/aluweld.ee\/sv\/wp-json\/wp\/v2\/comments?post=27"}],"version-history":[{"count":2,"href":"https:\/\/aluweld.ee\/sv\/wp-json\/wp\/v2\/pages\/27\/revisions"}],"predecessor-version":[{"id":154,"href":"https:\/\/aluweld.ee\/sv\/wp-json\/wp\/v2\/pages\/27\/revisions\/154"}],"wp:attachment":[{"href":"https:\/\/aluweld.ee\/sv\/wp-json\/wp\/v2\/media?parent=27"}],"curies":[{"name":"wp","href":"https:\/\/api.w.org\/{rel}","templated":true}]}}