{"id":173,"date":"2025-12-24T11:02:37","date_gmt":"2025-12-24T11:02:37","guid":{"rendered":"https:\/\/aluweld.ee\/?page_id=173"},"modified":"2025-12-25T03:07:19","modified_gmt":"2025-12-25T03:07:19","slug":"double-ovens","status":"publish","type":"page","link":"https:\/\/aluweld.ee\/en\/kumblustunni-ahjud\/","title":{"rendered":"Hot tub furnaces"},"content":{"rendered":"<div class=\"wp-block-group alignfull is-style-ext-preset--group--natural-1--section has-background-background-color has-background has-global-padding is-layout-constrained wp-container-core-group-is-layout-e955bbaf wp-block-group-is-layout-constrained is-style-ext-preset--group--natural-1--section--1\" style=\"margin-top:0;margin-bottom:0;padding-top:var(--wp--preset--spacing--70);padding-bottom:var(--wp--preset--spacing--70)\">\n<div class=\"wp-block-group alignwide is-vertical is-layout-flex wp-container-core-group-is-layout-c35747d5 wp-block-group-is-layout-flex\">\n<div class=\"wp-block-group has-global-padding is-layout-constrained wp-container-core-group-is-layout-5e05634a wp-block-group-is-layout-constrained\">\n<h2 class=\"wp-block-heading\">Marine aluminium hot tub furnaces<\/h2>\n\n\n\n<p class=\"has-text-align-left\">We produce a wide range of hot barrel furnaces for different types of barrels.<\/p>\n<\/div>\n<\/div>\n\n\n\n<div class=\"wp-block-columns alignwide is-layout-flex wp-container-core-columns-is-layout-174606dc wp-block-columns-is-layout-flex\">\n<div class=\"wp-block-column is-vertically-aligned-stretch is-layout-flow wp-container-core-column-is-layout-119bc444 wp-block-column-is-layout-flow\">\n<div class=\"wp-block-cover is-light is-style-ext-preset--image--natural-1--image-1--content-right is-style-ext-preset--image--natural-1--image-1--content-right--2\" style=\"padding-top:0;padding-bottom:0;min-height:624px;aspect-ratio:unset;\"><img decoding=\"async\" class=\"wp-block-cover__image-background wp-image-204 size-full\" alt=\"\" src=\"https:\/\/aluweld.ee\/wp-content\/uploads\/2025\/12\/integreeritud-ahjuga-tunn-1.jpg\" data-object-fit=\"cover\"\/><span aria-hidden=\"true\" class=\"wp-block-cover__background has-background-dim-0 has-background-dim\" style=\"background-color:#aba7a2\"><\/span><div class=\"wp-block-cover__inner-container is-layout-flow wp-block-cover-is-layout-flow\">\n<div style=\"height:478px\" aria-hidden=\"true\" class=\"wp-block-spacer\"><\/div>\n<\/div><\/div>\n<\/div>\n\n\n\n<div class=\"wp-block-column is-vertically-aligned-center is-layout-flow wp-block-column-is-layout-flow\">\n<div class=\"wp-block-group is-style-ext-preset--group--natural-1--item-card-1--align-start has-global-padding is-layout-constrained wp-block-group-is-layout-constrained is-style-ext-preset--group--natural-1--item-card-1--align-start--3\">\n<div class=\"wp-block-group is-style-default has-global-padding is-layout-constrained wp-block-group-is-layout-constrained\">\n<div class=\"wp-block-group is-nowrap is-layout-flex wp-container-core-group-is-layout-64fa2afa wp-block-group-is-layout-flex\" style=\"padding-top:0;padding-right:0;padding-bottom:0;padding-left:0\">\n<figure class=\"wp-block-image size-large ext-aspect-landscape wp-duotone-primary-foreground\"><img decoding=\"async\" src=\"data:image\/svg+xml;base64,PHN2ZyB4bWxucz0iaHR0cDovL3d3dy53My5vcmcvMjAwMC9zdmciIHdpZHRoPSI0OCIgaGVpZ2h0PSI0OCIgZmlsbD0iIzAwMDAwMCIgdmlld0JveD0iMCAwIDI1NiAyNTYiPjxwYXRoIGQ9Ik0xNzIsNzZhNDQsNDQsMCwxLDAtNDQsNDRBNDQuMDUsNDQuMDUsMCwwLDAsMTcyLDc2Wm0tNDQsMjhhMjgsMjgsMCwxLDEsMjgtMjhBMjgsMjgsMCwwLDEsMTI4LDEwNFptNjAsMjRhNDQsNDQsMCwxLDAsNDQsNDRBNDQuMDUsNDQuMDUsMCwwLDAsMTg4LDEyOFptMCw3MmEyOCwyOCwwLDEsMSwyOC0yOEEyOCwyOCwwLDAsMSwxODgsMjAwWk02OCwxMjhhNDQsNDQsMCwxLDAsNDQsNDRBNDQuMDUsNDQuMDUsMCwwLDAsNjgsMTI4Wm0wLDcyYTI4LDI4LDAsMSwxLDI4LTI4QTI4LDI4LDAsMCwxLDY4LDIwMFoiPjwvcGF0aD48L3N2Zz4=\" alt=\"\" style=\"object-fit:cover\"\/><\/figure>\n\n\n\n<div class=\"wp-block-group wp-container-content-958eb9dc has-global-padding is-layout-constrained wp-container-core-group-is-layout-c06d165c wp-block-group-is-layout-constrained\" style=\"padding-top:0;padding-right:0;padding-bottom:0;padding-left:0\">\n<h3 class=\"wp-block-heading\">Efficient heat transfer<\/h3>\n\n\n\n<p>Aluminium ovens have excellent thermal conductivity, which means water heats up faster than in stainless steel ovens.<\/p>\n<\/div>\n<\/div>\n<\/div>\n<\/div>\n\n\n\n<div class=\"wp-block-group is-style-ext-preset--group--natural-1--item-card-1--align-start has-global-padding is-layout-constrained wp-block-group-is-layout-constrained is-style-ext-preset--group--natural-1--item-card-1--align-start--4\">\n<div class=\"wp-block-group is-style-default has-global-padding is-layout-constrained wp-block-group-is-layout-constrained\">\n<div class=\"wp-block-group is-nowrap is-layout-flex wp-container-core-group-is-layout-64fa2afa wp-block-group-is-layout-flex\" style=\"padding-top:0;padding-right:0;padding-bottom:0;padding-left:0\">\n<figure class=\"wp-block-image size-large ext-aspect-landscape wp-duotone-primary-foreground\"><img decoding=\"async\" src=\"data:image\/svg+xml;base64,PHN2ZyB4bWxucz0iaHR0cDovL3d3dy53My5vcmcvMjAwMC9zdmciIHdpZHRoPSI0OCIgaGVpZ2h0PSI0OCIgZmlsbD0iIzAwMDAwMCIgdmlld0JveD0iMCAwIDI1NiAyNTYiPjxwYXRoIGQ9Ik04MCw0MGE0MCw0MCwwLDEsMCw0MCw0MEE0MCw0MCwwLDAsMCw4MCw0MFptMCw2NGEyNCwyNCwwLDEsMSwyNC0yNEEyNCwyNCwwLDAsMSw4MCwxMDRabTk2LDE2YTQwLDQwLDAsMSwwLTQwLTQwQTQwLDQwLDAsMCwwLDE3NiwxMjBabTAtNjRhMjQsMjQsMCwxLDEtMjQsMjRBMjQsMjQsMCwwLDEsMTc2LDU2Wk04MCwxMzZhNDAsNDAsMCwxLDAsNDAsNDBBNDAsNDAsMCwwLDAsODAsMTM2Wm0wLDY0YTI0LDI0LDAsMSwxLDI0LTI0QTI0LDI0LDAsMCwxLDgwLDIwMFptOTYtNjRhNDAsNDAsMCwxLDAsNDAsNDBBNDAsNDAsMCwwLDAsMTc2LDEzNlptMCw2NGEyNCwyNCwwLDEsMSwyNC0yNEEyNCwyNCwwLDAsMSwxNzYsMjAwWiI+PC9wYXRoPjwvc3ZnPg==\" alt=\"\" style=\"object-fit:cover\"\/><\/figure>\n\n\n\n<div class=\"wp-block-group wp-container-content-958eb9dc has-global-padding is-layout-constrained wp-container-core-group-is-layout-c06d165c wp-block-group-is-layout-constrained\" style=\"padding-top:0;padding-right:0;padding-bottom:0;padding-left:0\">\n<h3 class=\"wp-block-heading\">Corrosion resistance<\/h3>\n\n\n\n<p>High-quality materials and finishes prolong the life of the stoves and keep them reliable even in harsh conditions.<\/p>\n<\/div>\n<\/div>\n<\/div>\n<\/div>\n\n\n\n<div class=\"wp-block-group is-style-ext-preset--group--natural-1--item-card-1--align-start has-global-padding is-layout-constrained wp-block-group-is-layout-constrained is-style-ext-preset--group--natural-1--item-card-1--align-start--5\">\n<div class=\"wp-block-group is-style-default has-global-padding is-layout-constrained wp-block-group-is-layout-constrained\">\n<div class=\"wp-block-group is-nowrap is-layout-flex wp-container-core-group-is-layout-64fa2afa wp-block-group-is-layout-flex\" style=\"padding-top:0;padding-right:0;padding-bottom:0;padding-left:0\">\n<figure class=\"wp-block-image size-large ext-aspect-landscape wp-duotone-primary-foreground\"><img decoding=\"async\" src=\"data:image\/svg+xml;base64,PHN2ZyB4bWxucz0iaHR0cDovL3d3dy53My5vcmcvMjAwMC9zdmciIHdpZHRoPSI0OCIgaGVpZ2h0PSI0OCIgZmlsbD0iIzAwMDAwMCIgdmlld0JveD0iMCAwIDI1NiAyNTYiPjxwYXRoIGQ9Ik04MCw0MGE0MCw0MCwwLDEsMCw0MCw0MEE0MCw0MCwwLDAsMCw4MCw0MFptMCw2NGEyNCwyNCwwLDEsMSwyNC0yNEEyNCwyNCwwLDAsMSw4MCwxMDRabTk2LDE2YTQwLDQwLDAsMSwwLTQwLTQwQTQwLDQwLDAsMCwwLDE3NiwxMjBabTAtNjRhMjQsMjQsMCwxLDEtMjQsMjRBMjQsMjQsMCwwLDEsMTc2LDU2Wk04MCwxMzZhNDAsNDAsMCwxLDAsNDAsNDBBNDAsNDAsMCwwLDAsODAsMTM2Wm0wLDY0YTI0LDI0LDAsMSwxLDI0LTI0QTI0LDI0LDAsMCwxLDgwLDIwMFptMTM2LTI0YTgsOCwwLDAsMS04LDhIMTg0djI0YTgsOCwwLDAsMS0xNiwwVjE4NEgxNDRhOCw4LDAsMCwxLDAtMTZoMjRWMTQ0YTgsOCwwLDAsMSwxNiwwdjI0aDI0QTgsOCwwLDAsMSwyMTYsMTc2WiI+PC9wYXRoPjwvc3ZnPg==\" alt=\"\" style=\"object-fit:cover\"\/><\/figure>\n\n\n\n<div class=\"wp-block-group wp-container-content-958eb9dc has-global-padding is-layout-constrained wp-container-core-group-is-layout-c06d165c wp-block-group-is-layout-constrained\" style=\"padding-top:0;padding-right:0;padding-bottom:0;padding-left:0\">\n<h3 class=\"wp-block-heading\">Different models for all hot tubs<\/h3>\n\n\n\n<p>We offer a wide range of indoor, outdoor and integrated stoves. Find the right solution for you!<\/p>\n<\/div>\n<\/div>\n<\/div>\n<\/div>\n\n\n\n<div class=\"wp-block-buttons is-content-justification-center is-layout-flex wp-container-core-buttons-is-layout-a89b3969 wp-block-buttons-is-layout-flex\">\n<div class=\"wp-block-button has-custom-width wp-block-button__width-100 is-style-ext-preset--button--natural-1--button-1 is-style-ext-preset--button--natural-1--button-1--6\"><a class=\"wp-block-button__link wp-element-button\" href=\"https:\/\/aluweld.ee\/wp-content\/uploads\/2025\/12\/catalogue-eng-1.pdf\">Read more<\/a><\/div>\n<\/div>\n<\/div>\n<\/div>\n<\/div>\n\n\n\n<div class=\"wp-block-group alignfull is-style-ext-preset--group--natural-1--section has-background-background-color has-background has-global-padding is-layout-constrained wp-container-core-group-is-layout-64c2fb28 wp-block-group-is-layout-constrained is-style-ext-preset--group--natural-1--section--7\" style=\"margin-top:0;margin-bottom:0;padding-top:var(--wp--preset--spacing--70);padding-bottom:var(--wp--preset--spacing--70)\">\n<div class=\"wp-block-group alignwide is-vertical is-layout-flex wp-container-core-group-is-layout-c35747d5 wp-block-group-is-layout-flex\">\n<div class=\"wp-block-group has-global-padding is-layout-constrained wp-container-core-group-is-layout-5e05634a wp-block-group-is-layout-constrained\">\n<h2 class=\"wp-block-heading\">See our range of hot tub furnaces<\/h2>\n\n\n\n<p class=\"has-text-align-left\"><\/p>\n<\/div>\n<\/div>\n\n\n\n<div class=\"wp-block-columns alignwide is-layout-flex wp-container-core-columns-is-layout-87beb0d0 wp-block-columns-is-layout-flex\">\n<div class=\"wp-block-column is-vertically-aligned-top is-layout-flow wp-container-core-column-is-layout-f5bb311e wp-block-column-is-layout-flow\">\n<div class=\"wp-block-columns is-layout-flex wp-container-core-columns-is-layout-28f84493 wp-block-columns-is-layout-flex\">\n<div class=\"wp-block-column is-layout-flow wp-block-column-is-layout-flow\">\n<div class=\"wp-block-group has-global-padding is-layout-constrained wp-block-group-is-layout-constrained\">\n<figure class=\"wp-block-image size-large is-style-ext-preset--image--gradient-1--image-1--content-any is-style-ext-preset--image--gradient-1--image-1--content-any--8\"><img loading=\"lazy\" decoding=\"async\" width=\"942\" height=\"1024\" src=\"https:\/\/aluweld.ee\/wp-content\/uploads\/2025\/12\/DSC03354-v2ike-1-942x1024.jpg\" alt=\"\" class=\"wp-image-165\" style=\"aspect-ratio:1;object-fit:cover\" srcset=\"https:\/\/aluweld.ee\/wp-content\/uploads\/2025\/12\/DSC03354-v2ike-1-942x1024.jpg 942w, https:\/\/aluweld.ee\/wp-content\/uploads\/2025\/12\/DSC03354-v2ike-1-276x300.jpg 276w, https:\/\/aluweld.ee\/wp-content\/uploads\/2025\/12\/DSC03354-v2ike-1-768x835.jpg 768w, https:\/\/aluweld.ee\/wp-content\/uploads\/2025\/12\/DSC03354-v2ike-1-1413x1536.jpg 1413w\" sizes=\"auto, (max-width: 942px) 100vw, 942px\" \/><\/figure>\n\n\n\n<h3 class=\"wp-block-heading has-medium-font-size\">External doors<\/h3>\n\n\n\n<p>Outdoor furnaces with a power range of 25-45kW.<\/p>\n<\/div>\n<\/div>\n<\/div>\n<\/div>\n\n\n\n<div class=\"wp-block-column is-layout-flow wp-block-column-is-layout-flow\">\n<div class=\"wp-block-columns is-layout-flex wp-container-core-columns-is-layout-28f84493 wp-block-columns-is-layout-flex\">\n<div class=\"wp-block-column is-layout-flow wp-block-column-is-layout-flow\" style=\"flex-basis:100%\">\n<figure class=\"wp-block-image size-large is-style-ext-preset--image--gradient-1--image-1--content-any is-style-ext-preset--image--gradient-1--image-1--content-any--9\"><img loading=\"lazy\" decoding=\"async\" width=\"1024\" height=\"1018\" src=\"https:\/\/aluweld.ee\/wp-content\/uploads\/2025\/12\/ig-ahi-1024x1018.jpg\" alt=\"\" class=\"wp-image-176\" style=\"aspect-ratio:1;object-fit:cover\" srcset=\"https:\/\/aluweld.ee\/wp-content\/uploads\/2025\/12\/ig-ahi-1024x1018.jpg 1024w, https:\/\/aluweld.ee\/wp-content\/uploads\/2025\/12\/ig-ahi-300x298.jpg 300w, https:\/\/aluweld.ee\/wp-content\/uploads\/2025\/12\/ig-ahi-150x150.jpg 150w, https:\/\/aluweld.ee\/wp-content\/uploads\/2025\/12\/ig-ahi-768x763.jpg 768w, https:\/\/aluweld.ee\/wp-content\/uploads\/2025\/12\/ig-ahi-1536x1527.jpg 1536w, https:\/\/aluweld.ee\/wp-content\/uploads\/2025\/12\/ig-ahi-2048x2035.jpg 2048w, https:\/\/aluweld.ee\/wp-content\/uploads\/2025\/12\/ig-ahi-12x12.jpg 12w\" sizes=\"auto, (max-width: 1024px) 100vw, 1024px\" \/><\/figure>\n<\/div>\n<\/div>\n\n\n\n<h2 class=\"wp-block-heading has-medium-font-size\">Integrated ovens<\/h2>\n\n\n\n<p>Integrated ovens with a capacity of 35-45kw.<br>Different types of front panels.<\/p>\n<\/div>\n\n\n\n<div class=\"wp-block-column is-layout-flow wp-block-column-is-layout-flow\">\n<div class=\"wp-block-columns is-layout-flex wp-container-core-columns-is-layout-28f84493 wp-block-columns-is-layout-flex\">\n<div class=\"wp-block-column is-layout-flow wp-block-column-is-layout-flow\" style=\"flex-basis:100%\">\n<figure class=\"wp-block-image size-large is-style-ext-preset--image--gradient-1--image-1--content-any is-style-ext-preset--image--gradient-1--image-1--content-any--10\"><img loading=\"lazy\" decoding=\"async\" width=\"870\" height=\"1024\" src=\"https:\/\/aluweld.ee\/wp-content\/uploads\/2025\/12\/siseahi-870x1024.jpg\" alt=\"\" class=\"wp-image-180\" style=\"aspect-ratio:1;object-fit:cover\" srcset=\"https:\/\/aluweld.ee\/wp-content\/uploads\/2025\/12\/siseahi-870x1024.jpg 870w, https:\/\/aluweld.ee\/wp-content\/uploads\/2025\/12\/siseahi-255x300.jpg 255w, https:\/\/aluweld.ee\/wp-content\/uploads\/2025\/12\/siseahi-768x904.jpg 768w, https:\/\/aluweld.ee\/wp-content\/uploads\/2025\/12\/siseahi-10x12.jpg 10w, https:\/\/aluweld.ee\/wp-content\/uploads\/2025\/12\/siseahi.jpg 1024w\" sizes=\"auto, (max-width: 870px) 100vw, 870px\" \/><\/figure>\n<\/div>\n<\/div>\n\n\n\n<h2 class=\"wp-block-heading has-medium-font-size\">Indoor ovens<\/h2>\n\n\n\n<p>Indoor furnaces with a capacity of 25-35kW.<\/p>\n<\/div>\n\n\n\n<div class=\"wp-block-column is-layout-flow wp-block-column-is-layout-flow\">\n<div class=\"wp-block-columns is-layout-flex wp-container-core-columns-is-layout-28f84493 wp-block-columns-is-layout-flex\">\n<div class=\"wp-block-column is-layout-flow wp-block-column-is-layout-flow\" style=\"flex-basis:100%\">\n<figure class=\"wp-block-image size-full is-style-ext-preset--image--gradient-1--image-1--content-any is-style-ext-preset--image--gradient-1--image-1--content-any--11\"><img loading=\"lazy\" decoding=\"async\" width=\"1024\" height=\"1024\" src=\"https:\/\/aluweld.ee\/wp-content\/uploads\/2025\/12\/smoke-pipes.png\" alt=\"\" class=\"wp-image-183\" style=\"aspect-ratio:1;object-fit:cover\" srcset=\"https:\/\/aluweld.ee\/wp-content\/uploads\/2025\/12\/smoke-pipes.png 1024w, https:\/\/aluweld.ee\/wp-content\/uploads\/2025\/12\/smoke-pipes-300x300.png 300w, https:\/\/aluweld.ee\/wp-content\/uploads\/2025\/12\/smoke-pipes-150x150.png 150w, https:\/\/aluweld.ee\/wp-content\/uploads\/2025\/12\/smoke-pipes-768x768.png 768w, https:\/\/aluweld.ee\/wp-content\/uploads\/2025\/12\/smoke-pipes-12x12.png 12w\" sizes=\"auto, (max-width: 1024px) 100vw, 1024px\" \/><\/figure>\n<\/div>\n<\/div>\n\n\n\n<h2 class=\"wp-block-heading has-medium-font-size\">Additional equipment<\/h2>\n\n\n\n<p>Chimney dampers, heat exchangers and spark arresters.<\/p>\n<\/div>\n<\/div>\n\n\n\n<p><strong><a href=\"https:\/\/aluweld.ee\/en\/contact\/\" title=\"Contact\">For more information or to purchase stoves, contact us at<\/a>.<\/strong><\/p>\n\n\n\n<div class=\"wp-block-buttons is-content-justification-center is-layout-flex wp-container-core-buttons-is-layout-a89b3969 wp-block-buttons-is-layout-flex\">\n<div class=\"wp-block-button is-style-ext-preset--button--gradient-1--button-1 is-style-ext-preset--button--gradient-1--button-1--12\"><a class=\"wp-block-button__link wp-element-button\" href=\"https:\/\/aluweld.ee\/wp-content\/uploads\/2025\/12\/catalogue-eng-1.pdf\">Download the catalogue<\/a><\/div>\n<\/div>\n<\/div>\n\n\n\n<div class=\"wp-block-group alignfull is-style-ext-preset--group--natural-1--section has-tertiary-background-color has-background has-global-padding is-layout-constrained wp-container-core-group-is-layout-e955bbaf wp-block-group-is-layout-constrained is-style-ext-preset--group--natural-1--section--13\" style=\"margin-top:0;margin-bottom:0;padding-top:var(--wp--preset--spacing--70);padding-bottom:var(--wp--preset--spacing--70)\">\n<div class=\"wp-block-group alignwide is-vertical is-content-justification-center is-layout-flex wp-container-core-group-is-layout-c9ee0c5a wp-block-group-is-layout-flex\">\n<div class=\"wp-block-group has-global-padding is-layout-constrained wp-container-core-group-is-layout-2287c683 wp-block-group-is-layout-constrained\">\n<h2 class=\"wp-block-heading has-text-align-center\">Our clients<\/h2>\n\n\n\n<p class=\"has-text-align-center\">Our main customers are manufacturers of hot tubs in Estonia and abroad. Most of our kilns are shipped to Scandinavia.<\/p>\n<\/div>\n<\/div>\n\n\n\n<div class=\"wp-block-columns alignwide is-layout-flex wp-container-core-columns-is-layout-08c01c1c wp-block-columns-is-layout-flex\">\n<div class=\"wp-block-column is-layout-flow wp-block-column-is-layout-flow\"><\/div>\n\n\n\n<div class=\"wp-block-column is-layout-flow wp-block-column-is-layout-flow\"><\/div>\n\n\n\n<div class=\"wp-block-column is-layout-flow wp-block-column-is-layout-flow\"><\/div>\n<\/div>\n<\/div>","protected":false},"excerpt":{"rendered":"<p>Merealumiiniumist k\u00fcmblust\u00fcnni ahjud Toodame laias valikus k\u00fcmblust\u00fcnni ahjusid erinevat t\u00fc\u00fcpi t\u00fcnnidele. T\u00f5hus soojus\u00fclekanne Alumiiniumist valmistatud ahjudel on suurep\u00e4rane soojusjuhtivus, mist\u00f5ttu vesi soojeneb kiiremini kui roostevabast terasest ahjudes. Korrosioonikindlus Kvaliteetsed materjalid ja viimistlus pikendavad ahjude eluiga ning hoiavad neid usaldusv\u00e4\u00e4rsena ka karmides tingimustes. Erinevad mudelid k\u00f5ikdele k\u00fcmblust\u00fcnnidele Meie valikus on mitmesugused sise-, v\u00e4li- ja integreeritavad ahjud. [&hellip;]<\/p>\n","protected":false},"author":1,"featured_media":0,"parent":0,"menu_order":0,"comment_status":"closed","ping_status":"closed","template":"page-with-title","meta":{"footnotes":""},"class_list":["post-173","page","type-page","status-publish","hentry"],"aioseo_notices":[],"_links":{"self":[{"href":"https:\/\/aluweld.ee\/en\/wp-json\/wp\/v2\/pages\/173","targetHints":{"allow":["GET"]}}],"collection":[{"href":"https:\/\/aluweld.ee\/en\/wp-json\/wp\/v2\/pages"}],"about":[{"href":"https:\/\/aluweld.ee\/en\/wp-json\/wp\/v2\/types\/page"}],"author":[{"embeddable":true,"href":"https:\/\/aluweld.ee\/en\/wp-json\/wp\/v2\/users\/1"}],"replies":[{"embeddable":true,"href":"https:\/\/aluweld.ee\/en\/wp-json\/wp\/v2\/comments?post=173"}],"version-history":[{"count":14,"href":"https:\/\/aluweld.ee\/en\/wp-json\/wp\/v2\/pages\/173\/revisions"}],"predecessor-version":[{"id":215,"href":"https:\/\/aluweld.ee\/en\/wp-json\/wp\/v2\/pages\/173\/revisions\/215"}],"wp:attachment":[{"href":"https:\/\/aluweld.ee\/en\/wp-json\/wp\/v2\/media?parent=173"}],"curies":[{"name":"wp","href":"https:\/\/api.w.org\/{rel}","templated":true}]}}